{"id":8044,"date":"2023-12-10T16:38:14","date_gmt":"2023-12-10T16:38:14","guid":{"rendered":"https:\/\/ravintolanepali.fi\/site\/?post_type=product&#038;p=8044"},"modified":"2023-12-10T16:38:30","modified_gmt":"2023-12-10T16:38:30","slug":"mansikka-paaryna-vaniljajaa-suklaa-mango-jaateloa","status":"publish","type":"product","link":"https:\/\/ravintolanepali.fi\/site\/product\/mansikka-paaryna-vaniljajaa-suklaa-mango-jaateloa\/","title":{"rendered":"MANSIKKA\/P\u00c4\u00c4RYN\u00c4\/VANILJAJ\u00c4\u00c4\/SUKLAA\/MANGO J\u00c4\u00c4TEL\u00d6\u00c4"},"content":{"rendered":"","protected":false},"excerpt":{"rendered":"","protected":false},"featured_media":0,"comment_status":"closed","ping_status":"closed","template":"","meta":{"_acf_changed":false},"product_brand":[],"product_cat":[56],"product_tag":[],"class_list":{"0":"post-8044","1":"product","2":"type-product","3":"status-publish","5":"product_cat-desert","7":"first","8":"instock","9":"virtual","10":"purchasable","11":"product-type-simple"},"acf":[],"_links":{"self":[{"href":"https:\/\/ravintolanepali.fi\/site\/wp-json\/wp\/v2\/product\/8044","targetHints":{"allow":["GET"]}}],"collection":[{"href":"https:\/\/ravintolanepali.fi\/site\/wp-json\/wp\/v2\/product"}],"about":[{"href":"https:\/\/ravintolanepali.fi\/site\/wp-json\/wp\/v2\/types\/product"}],"replies":[{"embeddable":true,"href":"https:\/\/ravintolanepali.fi\/site\/wp-json\/wp\/v2\/comments?post=8044"}],"wp:attachment":[{"href":"https:\/\/ravintolanepali.fi\/site\/wp-json\/wp\/v2\/media?parent=8044"}],"wp:term":[{"taxonomy":"product_brand","embeddable":true,"href":"https:\/\/ravintolanepali.fi\/site\/wp-json\/wp\/v2\/product_brand?post=8044"},{"taxonomy":"product_cat","embeddable":true,"href":"https:\/\/ravintolanepali.fi\/site\/wp-json\/wp\/v2\/product_cat?post=8044"},{"taxonomy":"product_tag","embeddable":true,"href":"https:\/\/ravintolanepali.fi\/site\/wp-json\/wp\/v2\/product_tag?post=8044"}],"curies":[{"name":"wp","href":"https:\/\/api.w.org\/{rel}","templated":true}]}}