{"id":8012,"date":"2023-12-10T15:55:45","date_gmt":"2023-12-10T15:55:45","guid":{"rendered":"https:\/\/ravintolanepali.fi\/site\/?post_type=product&#038;p=8012"},"modified":"2023-12-10T15:55:46","modified_gmt":"2023-12-10T15:55:46","slug":"chicken-momo","status":"publish","type":"product","link":"https:\/\/ravintolanepali.fi\/site\/product\/chicken-momo\/","title":{"rendered":"CHICKEN MOMO"},"content":{"rendered":"<p>H\u00f6yrystetty kanan jauhelihaa vehn\u00e4jauho nyytiss\u00e4. Kest\u00e4\u00e4 noin 20 minuuttia. (Kana keitto) kuuluu<br \/>\nhintaan.<\/p>\n","protected":false},"excerpt":{"rendered":"<p>H\u00f6yrystetty kanan jauhelihaa vehn\u00e4jauho nyytiss\u00e4. Kest\u00e4\u00e4 noin 20 minuuttia. (Kana keitto) kuuluu<br \/>\nhintaan.<\/p>\n","protected":false},"featured_media":8013,"comment_status":"closed","ping_status":"closed","template":"","meta":{"_acf_changed":false},"product_brand":[],"product_cat":[55],"product_tag":[],"class_list":{"0":"post-8012","1":"product","2":"type-product","3":"status-publish","4":"has-post-thumbnail","6":"product_cat-extra","8":"first","9":"instock","10":"virtual","11":"purchasable","12":"product-type-simple"},"acf":[],"_links":{"self":[{"href":"https:\/\/ravintolanepali.fi\/site\/wp-json\/wp\/v2\/product\/8012","targetHints":{"allow":["GET"]}}],"collection":[{"href":"https:\/\/ravintolanepali.fi\/site\/wp-json\/wp\/v2\/product"}],"about":[{"href":"https:\/\/ravintolanepali.fi\/site\/wp-json\/wp\/v2\/types\/product"}],"replies":[{"embeddable":true,"href":"https:\/\/ravintolanepali.fi\/site\/wp-json\/wp\/v2\/comments?post=8012"}],"wp:featuredmedia":[{"embeddable":true,"href":"https:\/\/ravintolanepali.fi\/site\/wp-json\/wp\/v2\/media\/8013"}],"wp:attachment":[{"href":"https:\/\/ravintolanepali.fi\/site\/wp-json\/wp\/v2\/media?parent=8012"}],"wp:term":[{"taxonomy":"product_brand","embeddable":true,"href":"https:\/\/ravintolanepali.fi\/site\/wp-json\/wp\/v2\/product_brand?post=8012"},{"taxonomy":"product_cat","embeddable":true,"href":"https:\/\/ravintolanepali.fi\/site\/wp-json\/wp\/v2\/product_cat?post=8012"},{"taxonomy":"product_tag","embeddable":true,"href":"https:\/\/ravintolanepali.fi\/site\/wp-json\/wp\/v2\/product_tag?post=8012"}],"curies":[{"name":"wp","href":"https:\/\/api.w.org\/{rel}","templated":true}]}}