{"id":7721,"date":"2023-12-03T15:29:22","date_gmt":"2023-12-03T15:29:22","guid":{"rendered":"https:\/\/ravintolanepali.fi\/site\/?post_type=product&#038;p=7721"},"modified":"2024-11-24T21:28:18","modified_gmt":"2024-11-24T21:28:18","slug":"51-fish-tikka-chilly-custom_textlg-custom_text","status":"publish","type":"product","link":"https:\/\/ravintolanepali.fi\/site\/product\/51-fish-tikka-chilly-custom_textlg-custom_text\/","title":{"rendered":"51. FISH TIKKA"},"content":{"rendered":"<p>Yrtti-jogurtissa marinoituja tandoorissa grillattuja tilapia fileet\u00e4 sipuli-, inkiv\u00e4\u00e4ri- paprika tandoori kastikkeessa \/<br \/>\nHerb yoghurt marinated tandoori grilled tilapia fillet pieces in onion, ginger, capsicum tandoor sauce<\/p>\n","protected":false},"excerpt":{"rendered":"<p>Yrtti-jogurtissa marinoituja tandoorissa grillattuja tilapia fileet\u00e4 sipuli-, inkiv\u00e4\u00e4ri- paprika tandoori kastikkeessa \/<br \/>\nHerb yoghurt marinated tandoori grilled tilapia fillet pieces in onion, ginger, capsicum tandoor sauce<\/p>\n","protected":false},"featured_media":0,"comment_status":"closed","ping_status":"closed","template":"","meta":{"_acf_changed":false},"product_brand":[],"product_cat":[53],"product_tag":[],"class_list":{"0":"post-7721","1":"product","2":"type-product","3":"status-publish","5":"product_cat-sea-food","7":"first","8":"instock","9":"sale","10":"virtual","11":"purchasable","12":"product-type-simple"},"acf":[],"_links":{"self":[{"href":"https:\/\/ravintolanepali.fi\/site\/wp-json\/wp\/v2\/product\/7721","targetHints":{"allow":["GET"]}}],"collection":[{"href":"https:\/\/ravintolanepali.fi\/site\/wp-json\/wp\/v2\/product"}],"about":[{"href":"https:\/\/ravintolanepali.fi\/site\/wp-json\/wp\/v2\/types\/product"}],"replies":[{"embeddable":true,"href":"https:\/\/ravintolanepali.fi\/site\/wp-json\/wp\/v2\/comments?post=7721"}],"wp:attachment":[{"href":"https:\/\/ravintolanepali.fi\/site\/wp-json\/wp\/v2\/media?parent=7721"}],"wp:term":[{"taxonomy":"product_brand","embeddable":true,"href":"https:\/\/ravintolanepali.fi\/site\/wp-json\/wp\/v2\/product_brand?post=7721"},{"taxonomy":"product_cat","embeddable":true,"href":"https:\/\/ravintolanepali.fi\/site\/wp-json\/wp\/v2\/product_cat?post=7721"},{"taxonomy":"product_tag","embeddable":true,"href":"https:\/\/ravintolanepali.fi\/site\/wp-json\/wp\/v2\/product_tag?post=7721"}],"curies":[{"name":"wp","href":"https:\/\/api.w.org\/{rel}","templated":true}]}}