{"id":7711,"date":"2023-12-03T14:38:57","date_gmt":"2023-12-03T14:38:57","guid":{"rendered":"https:\/\/ravintolanepali.fi\/site\/?post_type=product&#038;p=7711"},"modified":"2024-11-24T21:23:05","modified_gmt":"2024-11-24T21:23:05","slug":"44-butter-lamb-custom_textlg-custom_text","status":"publish","type":"product","link":"https:\/\/ravintolanepali.fi\/site\/product\/44-butter-lamb-custom_textlg-custom_text\/","title":{"rendered":"44. BUTTER LAMB"},"content":{"rendered":"<p>Lammasta, kookosta ja cashewp\u00e4hkin\u00f6it\u00e4 tomaatti-, voi- ja kermakastikkeessa \/<br \/>\nLamb pieces with cashew nut &amp; coconut in tomato butter cream sauce<\/p>\n","protected":false},"excerpt":{"rendered":"<p>Lammasta, kookosta ja cashewp\u00e4hkin\u00f6it\u00e4 tomaatti-, voi- ja kermakastikkeessa \/<br \/>\nLamb pieces with cashew nut &amp; coconut in tomato butter cream sauce<\/p>\n","protected":false},"featured_media":0,"comment_status":"closed","ping_status":"closed","template":"","meta":{"_acf_changed":false},"product_brand":[],"product_cat":[52],"product_tag":[],"class_list":{"0":"post-7711","1":"product","2":"type-product","3":"status-publish","5":"product_cat-lamb","7":"first","8":"instock","9":"sale","10":"virtual","11":"purchasable","12":"product-type-simple"},"acf":[],"_links":{"self":[{"href":"https:\/\/ravintolanepali.fi\/site\/wp-json\/wp\/v2\/product\/7711","targetHints":{"allow":["GET"]}}],"collection":[{"href":"https:\/\/ravintolanepali.fi\/site\/wp-json\/wp\/v2\/product"}],"about":[{"href":"https:\/\/ravintolanepali.fi\/site\/wp-json\/wp\/v2\/types\/product"}],"replies":[{"embeddable":true,"href":"https:\/\/ravintolanepali.fi\/site\/wp-json\/wp\/v2\/comments?post=7711"}],"wp:attachment":[{"href":"https:\/\/ravintolanepali.fi\/site\/wp-json\/wp\/v2\/media?parent=7711"}],"wp:term":[{"taxonomy":"product_brand","embeddable":true,"href":"https:\/\/ravintolanepali.fi\/site\/wp-json\/wp\/v2\/product_brand?post=7711"},{"taxonomy":"product_cat","embeddable":true,"href":"https:\/\/ravintolanepali.fi\/site\/wp-json\/wp\/v2\/product_cat?post=7711"},{"taxonomy":"product_tag","embeddable":true,"href":"https:\/\/ravintolanepali.fi\/site\/wp-json\/wp\/v2\/product_tag?post=7711"}],"curies":[{"name":"wp","href":"https:\/\/api.w.org\/{rel}","templated":true}]}}