{"id":7708,"date":"2023-12-03T14:34:46","date_gmt":"2023-12-03T14:34:46","guid":{"rendered":"https:\/\/ravintolanepali.fi\/site\/?post_type=product&#038;p=7708"},"modified":"2024-11-24T21:24:16","modified_gmt":"2024-11-24T21:24:16","slug":"41-lamb-korma-custom_textlg-custom_text","status":"publish","type":"product","link":"https:\/\/ravintolanepali.fi\/site\/product\/41-lamb-korma-custom_textlg-custom_text\/","title":{"rendered":"41. LAMB KORMA"},"content":{"rendered":"<p>Haudutettuja lampaan paloja ja cashewp\u00e4hkin\u00f6it\u00e4 tomaatti-, kerma- ja currykastikkeessa \/<br \/>\nStewed lamb pieces with cashew nut in tomato, cream and curry sauce<\/p>\n","protected":false},"excerpt":{"rendered":"<p>Haudutettuja lampaan paloja ja cashewp\u00e4hkin\u00f6it\u00e4 tomaatti-, kerma- ja currykastikkeessa \/<br \/>\nStewed lamb pieces with cashew nut in tomato, cream and curry sauce<\/p>\n","protected":false},"featured_media":7921,"comment_status":"open","ping_status":"closed","template":"","meta":{"_acf_changed":false},"product_brand":[],"product_cat":[52],"product_tag":[],"class_list":{"0":"post-7708","1":"product","2":"type-product","3":"status-publish","4":"has-post-thumbnail","6":"product_cat-lamb","8":"first","9":"instock","10":"sale","11":"virtual","12":"purchasable","13":"product-type-simple"},"acf":[],"_links":{"self":[{"href":"https:\/\/ravintolanepali.fi\/site\/wp-json\/wp\/v2\/product\/7708","targetHints":{"allow":["GET"]}}],"collection":[{"href":"https:\/\/ravintolanepali.fi\/site\/wp-json\/wp\/v2\/product"}],"about":[{"href":"https:\/\/ravintolanepali.fi\/site\/wp-json\/wp\/v2\/types\/product"}],"replies":[{"embeddable":true,"href":"https:\/\/ravintolanepali.fi\/site\/wp-json\/wp\/v2\/comments?post=7708"}],"wp:featuredmedia":[{"embeddable":true,"href":"https:\/\/ravintolanepali.fi\/site\/wp-json\/wp\/v2\/media\/7921"}],"wp:attachment":[{"href":"https:\/\/ravintolanepali.fi\/site\/wp-json\/wp\/v2\/media?parent=7708"}],"wp:term":[{"taxonomy":"product_brand","embeddable":true,"href":"https:\/\/ravintolanepali.fi\/site\/wp-json\/wp\/v2\/product_brand?post=7708"},{"taxonomy":"product_cat","embeddable":true,"href":"https:\/\/ravintolanepali.fi\/site\/wp-json\/wp\/v2\/product_cat?post=7708"},{"taxonomy":"product_tag","embeddable":true,"href":"https:\/\/ravintolanepali.fi\/site\/wp-json\/wp\/v2\/product_tag?post=7708"}],"curies":[{"name":"wp","href":"https:\/\/api.w.org\/{rel}","templated":true}]}}