{"id":7694,"date":"2023-12-03T14:12:28","date_gmt":"2023-12-03T14:12:28","guid":{"rendered":"https:\/\/ravintolanepali.fi\/site\/?post_type=product&#038;p=7694"},"modified":"2024-11-24T21:19:33","modified_gmt":"2024-11-24T21:19:33","slug":"30-chicken-korma-lg","status":"publish","type":"product","link":"https:\/\/ravintolanepali.fi\/site\/product\/30-chicken-korma-lg\/","title":{"rendered":"30. CHICKEN KORMA"},"content":{"rendered":"<p>Haudutettuja kanapaloja ja cashewp\u00e4hkin\u00f6it\u00e4 kerma-, sipuli- ja tomaattikastikkeessa \/<br \/>\nStewed chicken pieces with cashew nut in cream, onion and tomato sauce<\/p>\n","protected":false},"excerpt":{"rendered":"<p>Haudutettuja kanapaloja ja cashewp\u00e4hkin\u00f6it\u00e4 kerma-, sipuli- ja tomaattikastikkeessa \/<br \/>\nStewed chicken pieces with cashew nut in cream, onion and tomato sauce<\/p>\n","protected":false},"featured_media":7764,"comment_status":"open","ping_status":"closed","template":"","meta":{"_acf_changed":false},"product_brand":[],"product_cat":[51],"product_tag":[],"class_list":{"0":"post-7694","1":"product","2":"type-product","3":"status-publish","4":"has-post-thumbnail","6":"product_cat-chicken","8":"first","9":"instock","10":"sale","11":"virtual","12":"purchasable","13":"product-type-simple"},"acf":[],"_links":{"self":[{"href":"https:\/\/ravintolanepali.fi\/site\/wp-json\/wp\/v2\/product\/7694","targetHints":{"allow":["GET"]}}],"collection":[{"href":"https:\/\/ravintolanepali.fi\/site\/wp-json\/wp\/v2\/product"}],"about":[{"href":"https:\/\/ravintolanepali.fi\/site\/wp-json\/wp\/v2\/types\/product"}],"replies":[{"embeddable":true,"href":"https:\/\/ravintolanepali.fi\/site\/wp-json\/wp\/v2\/comments?post=7694"}],"wp:featuredmedia":[{"embeddable":true,"href":"https:\/\/ravintolanepali.fi\/site\/wp-json\/wp\/v2\/media\/7764"}],"wp:attachment":[{"href":"https:\/\/ravintolanepali.fi\/site\/wp-json\/wp\/v2\/media?parent=7694"}],"wp:term":[{"taxonomy":"product_brand","embeddable":true,"href":"https:\/\/ravintolanepali.fi\/site\/wp-json\/wp\/v2\/product_brand?post=7694"},{"taxonomy":"product_cat","embeddable":true,"href":"https:\/\/ravintolanepali.fi\/site\/wp-json\/wp\/v2\/product_cat?post=7694"},{"taxonomy":"product_tag","embeddable":true,"href":"https:\/\/ravintolanepali.fi\/site\/wp-json\/wp\/v2\/product_tag?post=7694"}],"curies":[{"name":"wp","href":"https:\/\/api.w.org\/{rel}","templated":true}]}}