{"id":7679,"date":"2023-12-03T13:49:02","date_gmt":"2023-12-03T13:49:02","guid":{"rendered":"https:\/\/ravintolanepali.fi\/site\/?post_type=product&#038;p=7679"},"modified":"2024-11-24T21:12:32","modified_gmt":"2024-11-24T21:12:32","slug":"20-malai-kofta-custom_textg-custom_text","status":"publish","type":"product","link":"https:\/\/ravintolanepali.fi\/site\/product\/20-malai-kofta-custom_textg-custom_text\/","title":{"rendered":"20. MALAI KOFTA"},"content":{"rendered":"<p>Friteeratut kasvis-tuorejuustopy\u00f6ryk\u00e4t ja cashewp\u00e4hkin\u00e4\u00e4 tomaatti-, voi- ja kermakastikkeessa \/<br \/>\nDeep fried vegetable and cottage cheese balls with cashew nut in tomato butter cream sauce<\/p>\n","protected":false},"excerpt":{"rendered":"<p>Friteeratut kasvis-tuorejuustopy\u00f6ryk\u00e4t ja cashewp\u00e4hkin\u00e4\u00e4 tomaatti-, voi- ja kermakastikkeessa \/<br \/>\nDeep fried vegetable and cottage cheese balls with cashew nut in tomato butter cream sauce<\/p>\n","protected":false},"featured_media":8175,"comment_status":"closed","ping_status":"closed","template":"","meta":{"_acf_changed":false},"product_brand":[],"product_cat":[50],"product_tag":[],"class_list":{"0":"post-7679","1":"product","2":"type-product","3":"status-publish","4":"has-post-thumbnail","6":"product_cat-vegetarian","8":"first","9":"instock","10":"sale","11":"virtual","12":"purchasable","13":"product-type-simple"},"acf":[],"_links":{"self":[{"href":"https:\/\/ravintolanepali.fi\/site\/wp-json\/wp\/v2\/product\/7679","targetHints":{"allow":["GET"]}}],"collection":[{"href":"https:\/\/ravintolanepali.fi\/site\/wp-json\/wp\/v2\/product"}],"about":[{"href":"https:\/\/ravintolanepali.fi\/site\/wp-json\/wp\/v2\/types\/product"}],"replies":[{"embeddable":true,"href":"https:\/\/ravintolanepali.fi\/site\/wp-json\/wp\/v2\/comments?post=7679"}],"wp:featuredmedia":[{"embeddable":true,"href":"https:\/\/ravintolanepali.fi\/site\/wp-json\/wp\/v2\/media\/8175"}],"wp:attachment":[{"href":"https:\/\/ravintolanepali.fi\/site\/wp-json\/wp\/v2\/media?parent=7679"}],"wp:term":[{"taxonomy":"product_brand","embeddable":true,"href":"https:\/\/ravintolanepali.fi\/site\/wp-json\/wp\/v2\/product_brand?post=7679"},{"taxonomy":"product_cat","embeddable":true,"href":"https:\/\/ravintolanepali.fi\/site\/wp-json\/wp\/v2\/product_cat?post=7679"},{"taxonomy":"product_tag","embeddable":true,"href":"https:\/\/ravintolanepali.fi\/site\/wp-json\/wp\/v2\/product_tag?post=7679"}],"curies":[{"name":"wp","href":"https:\/\/api.w.org\/{rel}","templated":true}]}}