{"id":7677,"date":"2023-12-03T13:47:07","date_gmt":"2023-12-03T13:47:07","guid":{"rendered":"https:\/\/ravintolanepali.fi\/site\/?post_type=product&#038;p=7677"},"modified":"2024-11-24T21:13:14","modified_gmt":"2024-11-24T21:13:14","slug":"18-vegetable-kofta-chilly-custom_textlg-custom_text","status":"publish","type":"product","link":"https:\/\/ravintolanepali.fi\/site\/product\/18-vegetable-kofta-chilly-custom_textlg-custom_text\/","title":{"rendered":"18. VEGETABLE KOFTA"},"content":{"rendered":"<p>Kasvispy\u00f6ryk\u00e4t (kukkakaalia, perunaa ja herneit\u00e4) curry- ja kermakastikkeessa \/<br \/>\nVegetable balls made with cauliflower, potatoes and green peas in curry cream sauce<\/p>\n","protected":false},"excerpt":{"rendered":"<p>Kasvispy\u00f6ryk\u00e4t (kukkakaalia, perunaa ja herneit\u00e4) curry- ja kermakastikkeessa \/<br \/>\nVegetable balls made with cauliflower, potatoes and green peas in curry cream sauce<\/p>\n","protected":false},"featured_media":0,"comment_status":"closed","ping_status":"closed","template":"","meta":{"_acf_changed":false},"product_brand":[],"product_cat":[50],"product_tag":[],"class_list":{"0":"post-7677","1":"product","2":"type-product","3":"status-publish","5":"product_cat-vegetarian","7":"first","8":"instock","9":"sale","10":"virtual","11":"purchasable","12":"product-type-simple"},"acf":[],"_links":{"self":[{"href":"https:\/\/ravintolanepali.fi\/site\/wp-json\/wp\/v2\/product\/7677","targetHints":{"allow":["GET"]}}],"collection":[{"href":"https:\/\/ravintolanepali.fi\/site\/wp-json\/wp\/v2\/product"}],"about":[{"href":"https:\/\/ravintolanepali.fi\/site\/wp-json\/wp\/v2\/types\/product"}],"replies":[{"embeddable":true,"href":"https:\/\/ravintolanepali.fi\/site\/wp-json\/wp\/v2\/comments?post=7677"}],"wp:attachment":[{"href":"https:\/\/ravintolanepali.fi\/site\/wp-json\/wp\/v2\/media?parent=7677"}],"wp:term":[{"taxonomy":"product_brand","embeddable":true,"href":"https:\/\/ravintolanepali.fi\/site\/wp-json\/wp\/v2\/product_brand?post=7677"},{"taxonomy":"product_cat","embeddable":true,"href":"https:\/\/ravintolanepali.fi\/site\/wp-json\/wp\/v2\/product_cat?post=7677"},{"taxonomy":"product_tag","embeddable":true,"href":"https:\/\/ravintolanepali.fi\/site\/wp-json\/wp\/v2\/product_tag?post=7677"}],"curies":[{"name":"wp","href":"https:\/\/api.w.org\/{rel}","templated":true}]}}